{"id":1028,"date":"2024-10-08T19:00:18","date_gmt":"2024-10-08T19:00:18","guid":{"rendered":"https:\/\/aegismtl.com\/industries\/"},"modified":"2024-11-15T20:54:08","modified_gmt":"2024-11-15T20:54:08","slug":"industries","status":"publish","type":"page","link":"https:\/\/aegismtl.com\/fr\/industries\/","title":{"rendered":"Industries"},"content":{"rendered":"\t\t<div data-elementor-type=\"wp-page\" data-elementor-id=\"1028\" class=\"elementor elementor-1028 elementor-662\" data-elementor-post-type=\"page\">\n\t\t\t\t<div class=\"elementor-element elementor-element-85e2345 e-con-full e-flex e-con e-parent\" data-id=\"85e2345\" data-element_type=\"container\" data-e-type=\"container\" data-settings=\"{&quot;background_background&quot;:&quot;classic&quot;}\">\n\t\t<div class=\"elementor-element elementor-element-8aa871a e-flex e-con-boxed e-con e-child\" data-id=\"8aa871a\" data-element_type=\"container\" data-e-type=\"container\">\n\t\t\t\t\t<div class=\"e-con-inner\">\n\t\t<div class=\"elementor-element elementor-element-e375cbd e-con-full e-flex e-con e-child\" data-id=\"e375cbd\" data-element_type=\"container\" data-e-type=\"container\">\n\t\t\t\t<div class=\"elementor-element elementor-element-7d0ae4f elementor-widget elementor-widget-heading\" data-id=\"7d0ae4f\" data-element_type=\"widget\" data-e-type=\"widget\" data-widget_type=\"heading.default\">\n\t\t\t\t<div class=\"elementor-widget-container\">\n\t\t\t\t\t<div class=\"elementor-heading-title elementor-size-default\">Nous sommes fiers de prot\u00e9ger un large \u00e9ventail de clients dans tous les secteurs&nbsp;d'activit\u00e9.<\/div>\t\t\t\t<\/div>\n\t\t\t\t<\/div>\n\t\t\t\t<\/div>\n\t\t\t\t\t<\/div>\n\t\t\t\t<\/div>\n\t\t\t\t<\/div>\n\t\t<div class=\"elementor-element elementor-element-41bc090 e-con-full e-flex e-con e-parent\" data-id=\"41bc090\" data-element_type=\"container\" data-e-type=\"container\">\n\t\t<div class=\"elementor-element elementor-element-4d8edb5 e-grid e-con-boxed e-con e-child\" data-id=\"4d8edb5\" data-element_type=\"container\" data-e-type=\"container\">\n\t\t\t\t\t<div class=\"e-con-inner\">\n\t\t<div class=\"elementor-element elementor-element-40668e8 e-con-full e-flex e-con e-child\" data-id=\"40668e8\" data-element_type=\"container\" data-e-type=\"container\">\n\t\t<div class=\"elementor-element elementor-element-4a4b32b e-con-full e-flex e-con e-child\" data-id=\"4a4b32b\" data-element_type=\"container\" data-e-type=\"container\" data-settings=\"{&quot;background_background&quot;:&quot;classic&quot;}\">\n\t\t\t\t<div class=\"elementor-element elementor-element-6d3640d elementor-widget elementor-widget-heading\" data-id=\"6d3640d\" data-element_type=\"widget\" data-e-type=\"widget\" data-widget_type=\"heading.default\">\n\t\t\t\t<div class=\"elementor-widget-container\">\n\t\t\t\t\t<h2 class=\"elementor-heading-title elementor-size-default\">R\u00e9sidentiel<\/h2>\t\t\t\t<\/div>\n\t\t\t\t<\/div>\n\t\t\t\t<\/div>\n\t\t<div class=\"elementor-element elementor-element-377bae7 e-con-full e-flex e-con e-child\" data-id=\"377bae7\" data-element_type=\"container\" data-e-type=\"container\">\n\t\t\t\t<div class=\"elementor-element elementor-element-3bcb402 elementor-widget elementor-widget-text-editor\" data-id=\"3bcb402\" data-element_type=\"widget\" data-e-type=\"widget\" data-widget_type=\"text-editor.default\">\n\t\t\t\t<div class=\"elementor-widget-container\">\n\t\t\t\t\t\t\t\t\t<ul>\n<li>Propri\u00e9taires<\/li>\n<li>Communaut\u00e9s ferm\u00e9es<\/li>\n<li>Complexes d&rsquo;appartements<\/li>\n<li>Maisons de vacances<\/li>\n<li>Copropri\u00e9t\u00e9s et maisons en rang\u00e9e<\/li>\n<\/ul>\n\t\t\t\t\t\t\t\t<\/div>\n\t\t\t\t<\/div>\n\t\t\t\t<\/div>\n\t\t\t\t<\/div>\n\t\t<div class=\"elementor-element elementor-element-c5f7537 e-con-full e-flex e-con e-child\" data-id=\"c5f7537\" data-element_type=\"container\" data-e-type=\"container\">\n\t\t<div class=\"elementor-element elementor-element-6421ba8 e-con-full e-flex e-con e-child\" data-id=\"6421ba8\" data-element_type=\"container\" data-e-type=\"container\" data-settings=\"{&quot;background_background&quot;:&quot;classic&quot;}\">\n\t\t\t\t<div class=\"elementor-element elementor-element-33e0887 elementor-widget elementor-widget-heading\" data-id=\"33e0887\" data-element_type=\"widget\" data-e-type=\"widget\" data-widget_type=\"heading.default\">\n\t\t\t\t<div class=\"elementor-widget-container\">\n\t\t\t\t\t<h2 class=\"elementor-heading-title elementor-size-default\">Commercial<\/h2>\t\t\t\t<\/div>\n\t\t\t\t<\/div>\n\t\t\t\t<\/div>\n\t\t<div class=\"elementor-element elementor-element-5717700 e-con-full e-flex e-con e-child\" data-id=\"5717700\" data-element_type=\"container\" data-e-type=\"container\">\n\t\t\t\t<div class=\"elementor-element elementor-element-db35dfc elementor-widget elementor-widget-text-editor\" data-id=\"db35dfc\" data-element_type=\"widget\" data-e-type=\"widget\" data-widget_type=\"text-editor.default\">\n\t\t\t\t<div class=\"elementor-widget-container\">\n\t\t\t\t\t\t\t\t\t<ul>\n<li>Immeubles de bureaux<\/li>\n<li>Magasins<\/li>\n<li>H\u00f4tels et h\u00f4tellerie<\/li>\n<li>Entrep\u00f4ts et centres de distribution<\/li>\n<li>\u00c9tablissements de sant\u00e9<\/li>\n<li>Institutions financi\u00e8res<\/li>\n<\/ul>\n\t\t\t\t\t\t\t\t<\/div>\n\t\t\t\t<\/div>\n\t\t\t\t<\/div>\n\t\t\t\t<\/div>\n\t\t<div class=\"elementor-element elementor-element-2e0f4ae e-con-full e-flex e-con e-child\" data-id=\"2e0f4ae\" data-element_type=\"container\" data-e-type=\"container\">\n\t\t<div class=\"elementor-element elementor-element-4422a22 e-con-full e-flex e-con e-child\" data-id=\"4422a22\" data-element_type=\"container\" data-e-type=\"container\" data-settings=\"{&quot;background_background&quot;:&quot;classic&quot;}\">\n\t\t\t\t<div class=\"elementor-element elementor-element-07c720e elementor-widget elementor-widget-heading\" data-id=\"07c720e\" data-element_type=\"widget\" data-e-type=\"widget\" data-widget_type=\"heading.default\">\n\t\t\t\t<div class=\"elementor-widget-container\">\n\t\t\t\t\t<h2 class=\"elementor-heading-title elementor-size-default\">INDUSTRIEL<\/h2>\t\t\t\t<\/div>\n\t\t\t\t<\/div>\n\t\t\t\t<\/div>\n\t\t<div class=\"elementor-element elementor-element-277afce e-con-full e-flex e-con e-child\" data-id=\"277afce\" data-element_type=\"container\" data-e-type=\"container\">\n\t\t\t\t<div class=\"elementor-element elementor-element-0a2fcd4 elementor-widget elementor-widget-text-editor\" data-id=\"0a2fcd4\" data-element_type=\"widget\" data-e-type=\"widget\" data-widget_type=\"text-editor.default\">\n\t\t\t\t<div class=\"elementor-widget-container\">\n\t\t\t\t\t\t\t\t\t<ul>\n<li>Usines de fabrication<\/li>\n<li>Installations chimiques<\/li>\n<li>Centres de logistique et d&rsquo;exp\u00e9dition<\/li>\n<li>Chantiers de construction<\/li>\n<li>Installations de transformation des aliments<\/li>\n<\/ul>\n\t\t\t\t\t\t\t\t<\/div>\n\t\t\t\t<\/div>\n\t\t\t\t<\/div>\n\t\t\t\t<\/div>\n\t\t<div class=\"elementor-element elementor-element-4ca9095 e-con-full e-flex e-con e-child\" data-id=\"4ca9095\" data-element_type=\"container\" data-e-type=\"container\">\n\t\t<div class=\"elementor-element elementor-element-7758c06 e-con-full e-flex e-con e-child\" data-id=\"7758c06\" data-element_type=\"container\" data-e-type=\"container\" data-settings=\"{&quot;background_background&quot;:&quot;classic&quot;}\">\n\t\t\t\t<div class=\"elementor-element elementor-element-7d28241 elementor-widget elementor-widget-heading\" data-id=\"7d28241\" data-element_type=\"widget\" data-e-type=\"widget\" data-widget_type=\"heading.default\">\n\t\t\t\t<div class=\"elementor-widget-container\">\n\t\t\t\t\t<h2 class=\"elementor-heading-title elementor-size-default\">Gouvernement<\/h2>\t\t\t\t<\/div>\n\t\t\t\t<\/div>\n\t\t\t\t<\/div>\n\t\t<div class=\"elementor-element elementor-element-da37fd5 e-con-full e-flex e-con e-child\" data-id=\"da37fd5\" data-element_type=\"container\" data-e-type=\"container\">\n\t\t\t\t<div class=\"elementor-element elementor-element-d921eef elementor-widget elementor-widget-text-editor\" data-id=\"d921eef\" data-element_type=\"widget\" data-e-type=\"widget\" data-widget_type=\"text-editor.default\">\n\t\t\t\t<div class=\"elementor-widget-container\">\n\t\t\t\t\t\t\t\t\t<ul>\n<li>B\u00e2timents municipaux<\/li>\n<li>Commissariats de police et de pompiers<\/li>\n<li>Tribunaux<\/li>\n<li>\u00c9coles et universit\u00e9s publiques<\/li>\n<li>Plates-formes de transport (a\u00e9roports, gares)<\/li>\n<\/ul>\n\t\t\t\t\t\t\t\t<\/div>\n\t\t\t\t<\/div>\n\t\t\t\t<\/div>\n\t\t\t\t<\/div>\n\t\t\t\t\t<\/div>\n\t\t\t\t<\/div>\n\t\t\t\t<\/div>\n\t\t<div class=\"elementor-element elementor-element-e0dd591 e-con-full e-flex e-con e-parent\" data-id=\"e0dd591\" data-element_type=\"container\" data-e-type=\"container\" data-settings=\"{&quot;background_background&quot;:&quot;classic&quot;}\">\n\t\t<div class=\"elementor-element elementor-element-b74aadc e-flex e-con-boxed e-con e-child\" data-id=\"b74aadc\" data-element_type=\"container\" data-e-type=\"container\">\n\t\t\t\t\t<div class=\"e-con-inner\">\n\t\t<div class=\"elementor-element elementor-element-3cc21ed e-con-full e-flex e-con e-child\" data-id=\"3cc21ed\" data-element_type=\"container\" data-e-type=\"container\">\n\t\t\t\t<div class=\"elementor-element elementor-element-233cf35 elementor-widget elementor-widget-heading\" data-id=\"233cf35\" data-element_type=\"widget\" data-e-type=\"widget\" data-widget_type=\"heading.default\">\n\t\t\t\t<div class=\"elementor-widget-container\">\n\t\t\t\t\t<h3 class=\"elementor-heading-title elementor-size-default\">COMMEN\u00c7ONS \u00c0 PR\u00c9PARER UN AVENIR PLUS S\u00dbR<\/h3>\t\t\t\t<\/div>\n\t\t\t\t<\/div>\n\t\t\t\t<div class=\"elementor-element elementor-element-2e04246 elementor-widget elementor-widget-button\" data-id=\"2e04246\" data-element_type=\"widget\" data-e-type=\"widget\" data-widget_type=\"button.default\">\n\t\t\t\t<div class=\"elementor-widget-container\">\n\t\t\t\t\t\t\t\t\t<div class=\"elementor-button-wrapper\">\n\t\t\t\t\t<a class=\"elementor-button elementor-button-link elementor-size-sm\" href=\"https:\/\/aegismtl.com\/fr\/contact\/\">\n\t\t\t\t\t\t<span class=\"elementor-button-content-wrapper\">\n\t\t\t\t\t\t<span class=\"elementor-button-icon\">\n\t\t\t\t<svg aria-hidden=\"true\" class=\"e-font-icon-svg e-fas-caret-right\" viewBox=\"0 0 192 512\" xmlns=\"http:\/\/www.w3.org\/2000\/svg\"><path d=\"M0 384.662V127.338c0-17.818 21.543-26.741 34.142-14.142l128.662 128.662c7.81 7.81 7.81 20.474 0 28.284L34.142 398.804C21.543 411.404 0 402.48 0 384.662z\"><\/path><\/svg>\t\t\t<\/span>\n\t\t\t\t\t\t\t\t\t<span class=\"elementor-button-text\">en savoir plus<\/span>\n\t\t\t\t\t<\/span>\n\t\t\t\t\t<\/a>\n\t\t\t\t<\/div>\n\t\t\t\t\t\t\t\t<\/div>\n\t\t\t\t<\/div>\n\t\t\t\t<\/div>\n\t\t\t\t\t<\/div>\n\t\t\t\t<\/div>\n\t\t\t\t<\/div>\n\t\t\t\t<\/div>\n\t\t","protected":false},"excerpt":{"rendered":"<p>Nous sommes fiers de prot\u00e9ger un large \u00e9ventail de clients dans tous les secteurs&nbsp;d&rsquo;activit\u00e9. R\u00e9sidentiel Propri\u00e9taires Communaut\u00e9s ferm\u00e9es Complexes d&rsquo;appartements Maisons de vacances Copropri\u00e9t\u00e9s et maisons en rang\u00e9e Commercial Immeubles de bureaux Magasins H\u00f4tels et h\u00f4tellerie Entrep\u00f4ts et centres de distribution \u00c9tablissements de sant\u00e9 Institutions financi\u00e8res INDUSTRIEL Usines de fabrication Installations chimiques Centres de logistique [&hellip;]<\/p>\n","protected":false},"author":1,"featured_media":0,"parent":0,"menu_order":0,"comment_status":"closed","ping_status":"closed","template":"","meta":{"footnotes":""},"class_list":["post-1028","page","type-page","status-publish","hentry"],"_links":{"self":[{"href":"https:\/\/aegismtl.com\/fr\/wp-json\/wp\/v2\/pages\/1028","targetHints":{"allow":["GET"]}}],"collection":[{"href":"https:\/\/aegismtl.com\/fr\/wp-json\/wp\/v2\/pages"}],"about":[{"href":"https:\/\/aegismtl.com\/fr\/wp-json\/wp\/v2\/types\/page"}],"author":[{"embeddable":true,"href":"https:\/\/aegismtl.com\/fr\/wp-json\/wp\/v2\/users\/1"}],"replies":[{"embeddable":true,"href":"https:\/\/aegismtl.com\/fr\/wp-json\/wp\/v2\/comments?post=1028"}],"version-history":[{"count":14,"href":"https:\/\/aegismtl.com\/fr\/wp-json\/wp\/v2\/pages\/1028\/revisions"}],"predecessor-version":[{"id":1054,"href":"https:\/\/aegismtl.com\/fr\/wp-json\/wp\/v2\/pages\/1028\/revisions\/1054"}],"wp:attachment":[{"href":"https:\/\/aegismtl.com\/fr\/wp-json\/wp\/v2\/media?parent=1028"}],"curies":[{"name":"wp","href":"https:\/\/api.w.org\/{rel}","templated":true}]}}