{"id":1019,"date":"2024-10-08T18:59:54","date_gmt":"2024-10-08T18:59:54","guid":{"rendered":"https:\/\/aegismtl.com\/about\/"},"modified":"2024-11-15T20:54:31","modified_gmt":"2024-11-15T20:54:31","slug":"about","status":"publish","type":"page","link":"https:\/\/aegismtl.com\/fr\/about\/","title":{"rendered":"\u00c0 propos"},"content":{"rendered":"\t\t<div data-elementor-type=\"wp-page\" data-elementor-id=\"1019\" class=\"elementor elementor-1019 elementor-656\" data-elementor-post-type=\"page\">\n\t\t\t\t<div class=\"elementor-element elementor-element-d218bf2 e-con-full e-flex e-con e-parent\" data-id=\"d218bf2\" data-element_type=\"container\" data-e-type=\"container\" data-settings=\"{&quot;background_background&quot;:&quot;classic&quot;}\">\n\t\t<div class=\"elementor-element elementor-element-03f8705 e-flex e-con-boxed e-con e-child\" data-id=\"03f8705\" data-element_type=\"container\" data-e-type=\"container\">\n\t\t\t\t\t<div class=\"e-con-inner\">\n\t\t<div class=\"elementor-element elementor-element-87ded6a e-con-full e-flex e-con e-child\" data-id=\"87ded6a\" data-element_type=\"container\" data-e-type=\"container\">\n\t\t\t\t<div class=\"elementor-element elementor-element-ec0958f elementor-widget elementor-widget-heading\" data-id=\"ec0958f\" data-element_type=\"widget\" data-e-type=\"widget\" data-widget_type=\"heading.default\">\n\t\t\t\t<div class=\"elementor-widget-container\">\n\t\t\t\t\t<div class=\"elementor-heading-title elementor-size-default\">Qui nous sommes<\/div>\t\t\t\t<\/div>\n\t\t\t\t<\/div>\n\t\t\t\t<\/div>\n\t\t\t\t\t<\/div>\n\t\t\t\t<\/div>\n\t\t\t\t<\/div>\n\t\t<div class=\"elementor-element elementor-element-7446b22 e-con-full e-flex e-con e-parent\" data-id=\"7446b22\" data-element_type=\"container\" data-e-type=\"container\">\n\t\t<div class=\"elementor-element elementor-element-8583bfc e-flex e-con-boxed e-con e-child\" data-id=\"8583bfc\" data-element_type=\"container\" data-e-type=\"container\">\n\t\t\t\t\t<div class=\"e-con-inner\">\n\t\t\t\t<div class=\"elementor-element elementor-element-358acf8 elementor-widget elementor-widget-heading\" data-id=\"358acf8\" data-element_type=\"widget\" data-e-type=\"widget\" data-widget_type=\"heading.default\">\n\t\t\t\t<div class=\"elementor-widget-container\">\n\t\t\t\t\t<h2 class=\"elementor-heading-title elementor-size-default\">L'\u00e9quipe<\/h2>\t\t\t\t<\/div>\n\t\t\t\t<\/div>\n\t\t\t\t<div class=\"elementor-element elementor-element-8abe499 elementor-widget elementor-widget-heading\" data-id=\"8abe499\" data-element_type=\"widget\" data-e-type=\"widget\" data-widget_type=\"heading.default\">\n\t\t\t\t<div class=\"elementor-widget-container\">\n\t\t\t\t\t<div class=\"elementor-heading-title elementor-size-default\">C'est nous qui offrons l'excellence.<\/div>\t\t\t\t<\/div>\n\t\t\t\t<\/div>\n\t\t\t\t\t<\/div>\n\t\t\t\t<\/div>\n\t\t<div class=\"elementor-element elementor-element-e5c0004 e-grid e-con-boxed e-con e-child\" data-id=\"e5c0004\" data-element_type=\"container\" data-e-type=\"container\">\n\t\t\t\t\t<div class=\"e-con-inner\">\n\t\t<div class=\"elementor-element elementor-element-e60d290 e-con-full e-flex e-con e-child\" data-id=\"e60d290\" data-element_type=\"container\" data-e-type=\"container\">\n\t\t\t\t<div class=\"elementor-element elementor-element-09d51e9 elementor-widget elementor-widget-heading\" data-id=\"09d51e9\" data-element_type=\"widget\" data-e-type=\"widget\" data-widget_type=\"heading.default\">\n\t\t\t\t<div class=\"elementor-widget-container\">\n\t\t\t\t\t<h3 class=\"elementor-heading-title elementor-size-default\">Sean Fleming<\/h3>\t\t\t\t<\/div>\n\t\t\t\t<\/div>\n\t\t\t\t<div class=\"elementor-element elementor-element-de4e95e elementor-widget elementor-widget-heading\" data-id=\"de4e95e\" data-element_type=\"widget\" data-e-type=\"widget\" data-widget_type=\"heading.default\">\n\t\t\t\t<div class=\"elementor-widget-container\">\n\t\t\t\t\t<h5 class=\"elementor-heading-title elementor-size-default\">Co-fondateur<\/h5>\t\t\t\t<\/div>\n\t\t\t\t<\/div>\n\t\t\t\t<div class=\"elementor-element elementor-element-ff35829 elementor-widget elementor-widget-text-editor\" data-id=\"ff35829\" data-element_type=\"widget\" data-e-type=\"widget\" data-widget_type=\"text-editor.default\">\n\t\t\t\t<div class=\"elementor-widget-container\">\n\t\t\t\t\t\t\t\t\t<p>Sean a pass\u00e9 la majeure partie de sa vie professionnelle \u00e0 r\u00e9soudre des probl\u00e8mes, petits ou grands. Il a pass\u00e9 pr\u00e8s de 15 ans en tant que professionnel des technologies de l&rsquo;information. Cela a donn\u00e9 \u00e0 Sean la clairvoyance n\u00e9cessaire pour voir ce qui pourrait \u00eatre un probl\u00e8me \u00e9ventuel. Sean poss\u00e8de une compr\u00e9hension technologique et des comp\u00e9tences en mati\u00e8re de r\u00e9solution de probl\u00e8mes comme personne d&rsquo;autre. Associ\u00e9 \u00e0 un d\u00e9vouement sans faille \u00e0 la satisfaction des clients, Sean est devenu une v\u00e9ritable star pour ceux qui le connaissent.<\/p>\n\t\t\t\t\t\t\t\t<\/div>\n\t\t\t\t<\/div>\n\t\t\t\t<\/div>\n\t\t<div class=\"elementor-element elementor-element-4a65cb2 e-con-full e-flex e-con e-child\" data-id=\"4a65cb2\" data-element_type=\"container\" data-e-type=\"container\">\n\t\t\t\t<div class=\"elementor-element elementor-element-2b2b149 elementor-widget elementor-widget-heading\" data-id=\"2b2b149\" data-element_type=\"widget\" data-e-type=\"widget\" data-widget_type=\"heading.default\">\n\t\t\t\t<div class=\"elementor-widget-container\">\n\t\t\t\t\t<h3 class=\"elementor-heading-title elementor-size-default\">Jerry Krzyz<\/h3>\t\t\t\t<\/div>\n\t\t\t\t<\/div>\n\t\t\t\t<div class=\"elementor-element elementor-element-8ba6b5d elementor-widget elementor-widget-heading\" data-id=\"8ba6b5d\" data-element_type=\"widget\" data-e-type=\"widget\" data-widget_type=\"heading.default\">\n\t\t\t\t<div class=\"elementor-widget-container\">\n\t\t\t\t\t<h5 class=\"elementor-heading-title elementor-size-default\">Co-fondateur<\/h5>\t\t\t\t<\/div>\n\t\t\t\t<\/div>\n\t\t\t\t<div class=\"elementor-element elementor-element-101efd6 elementor-widget elementor-widget-text-editor\" data-id=\"101efd6\" data-element_type=\"widget\" data-e-type=\"widget\" data-widget_type=\"text-editor.default\">\n\t\t\t\t<div class=\"elementor-widget-container\">\n\t\t\t\t\t\t\t\t\t<p>Jerry a pass\u00e9 presque toute sa vie \u00e0 jouer avec tout ce qui est \u00e9lectronique. Lorsque nous disons \u00ab\u00a0jouer\u00a0\u00bb, nous entendons par l\u00e0 r\u00e9parer, construire et apprendre. Avec des comp\u00e9tences en r\u00e9solution de probl\u00e8mes quasi inexistantes et la patience naturelle de Job, l&rsquo;\u00e9b\u00e9nisterie \u00e9tait presque une \u00e9tape de l&rsquo;\u00e9volution. Ces comp\u00e9tences, combin\u00e9es \u00e0 de nombreuses autres ann\u00e9es de travail dans le secteur de la construction et de l&rsquo;informatique, ont permis d&rsquo;atteindre l&rsquo;apog\u00e9e logique de la fourniture d&rsquo;une s\u00e9curit\u00e9 de haute technologie.<\/p>\n\t\t\t\t\t\t\t\t<\/div>\n\t\t\t\t<\/div>\n\t\t\t\t<\/div>\n\t\t\t\t\t<\/div>\n\t\t\t\t<\/div>\n\t\t\t\t<\/div>\n\t\t<div class=\"elementor-element elementor-element-568669c e-con-full e-flex e-con e-parent\" data-id=\"568669c\" data-element_type=\"container\" data-e-type=\"container\">\n\t\t<div class=\"elementor-element elementor-element-4eb06a3 e-grid e-con-boxed e-con e-child\" data-id=\"4eb06a3\" data-element_type=\"container\" data-e-type=\"container\">\n\t\t\t\t\t<div class=\"e-con-inner\">\n\t\t<div class=\"elementor-element elementor-element-11be041 e-con-full e-flex e-con e-child\" data-id=\"11be041\" data-element_type=\"container\" data-e-type=\"container\">\n\t\t\t\t<div class=\"elementor-element elementor-element-5655ee1 elementor-widget elementor-widget-icon-box\" data-id=\"5655ee1\" data-element_type=\"widget\" data-e-type=\"widget\" data-widget_type=\"icon-box.default\">\n\t\t\t\t<div class=\"elementor-widget-container\">\n\t\t\t\t\t\t\t<div class=\"elementor-icon-box-wrapper\">\n\n\t\t\t\n\t\t\t\t\t\t<div class=\"elementor-icon-box-content\">\n\n\t\t\t\t\t\t\t\t\t<h6 class=\"elementor-icon-box-title\">\n\t\t\t\t\t\t<span  >\n\t\t\t\t\t\t\tQu'est-ce qu'une \u00e9gide ?\t\t\t\t\t\t<\/span>\n\t\t\t\t\t<\/h6>\n\t\t\t\t\n\t\t\t\t\t\t\t\t\t<p class=\"elementor-icon-box-description\">\n\t\t\t\t\t\tL'\u00e9gide est un bouclier, mentionn\u00e9 par Hom\u00e8re dans le po\u00e8me \u00e9pique l'<a href=\"http:\/\/en.wikipedia.org\/wiki\/Iliad\" target=\"_blank\" rel=\"noopener\">Iliade<\/a>. <i>\"Mais le dieu qui porte l'\u00e9gide, le fils de Saturne...\"<\/i>\t\t\t\t\t<\/p>\n\t\t\t\t\n\t\t\t<\/div>\n\t\t\t\n\t\t<\/div>\n\t\t\t\t\t\t<\/div>\n\t\t\t\t<\/div>\n\t\t\t\t<\/div>\n\t\t<div class=\"elementor-element elementor-element-47cfe80 e-con-full e-flex e-con e-child\" data-id=\"47cfe80\" data-element_type=\"container\" data-e-type=\"container\">\n\t\t\t\t<div class=\"elementor-element elementor-element-19750e1 elementor-widget elementor-widget-icon-box\" data-id=\"19750e1\" data-element_type=\"widget\" data-e-type=\"widget\" data-widget_type=\"icon-box.default\">\n\t\t\t\t<div class=\"elementor-widget-container\">\n\t\t\t\t\t\t\t<div class=\"elementor-icon-box-wrapper\">\n\n\t\t\t\n\t\t\t\t\t\t<div class=\"elementor-icon-box-content\">\n\n\t\t\t\t\t\t\t\t\t<h6 class=\"elementor-icon-box-title\">\n\t\t\t\t\t\t<span  >\n\t\t\t\t\t\t\tNous sommes agr\u00e9\u00e9s\t\t\t\t\t\t<\/span>\n\t\t\t\t\t<\/h6>\n\t\t\t\t\n\t\t\t\t\t\t\t\t\t<p class=\"elementor-icon-box-description\">\n\t\t\t\t\t\tNous sommes titulaires d'une licence compl\u00e8te de la RBQ. Nous pouvons r\u00e9aliser tous vos travaux de c\u00e2blage et d'installation.\t\t\t\t\t<\/p>\n\t\t\t\t\n\t\t\t<\/div>\n\t\t\t\n\t\t<\/div>\n\t\t\t\t\t\t<\/div>\n\t\t\t\t<\/div>\n\t\t\t\t<\/div>\n\t\t<div class=\"elementor-element elementor-element-d021db1 e-con-full e-flex e-con e-child\" data-id=\"d021db1\" data-element_type=\"container\" data-e-type=\"container\">\n\t\t\t\t<div class=\"elementor-element elementor-element-a2eefcd elementor-widget elementor-widget-icon-box\" data-id=\"a2eefcd\" data-element_type=\"widget\" data-e-type=\"widget\" data-widget_type=\"icon-box.default\">\n\t\t\t\t<div class=\"elementor-widget-container\">\n\t\t\t\t\t\t\t<div class=\"elementor-icon-box-wrapper\">\n\n\t\t\t\n\t\t\t\t\t\t<div class=\"elementor-icon-box-content\">\n\n\t\t\t\t\t\t\t\t\t<h6 class=\"elementor-icon-box-title\">\n\t\t\t\t\t\t<span  >\n\t\t\t\t\t\t\tNous sommes exp\u00e9riment\u00e9s\t\t\t\t\t\t<\/span>\n\t\t\t\t\t<\/h6>\n\t\t\t\t\n\t\t\t\t\t\t\t\t\t<p class=\"elementor-icon-box-description\">\n\t\t\t\t\t\tNotre \u00e9quipe fait toujours bien son travail. Nous disposons d'une exp\u00e9rience vari\u00e9e, allant d'une vie consacr\u00e9e \u00e0 l'informatique \u00e0 des ann\u00e9es de travail dans le secteur de la construction, qui nous permet de surmonter tous les obstacles.\t\t\t\t\t<\/p>\n\t\t\t\t\n\t\t\t<\/div>\n\t\t\t\n\t\t<\/div>\n\t\t\t\t\t\t<\/div>\n\t\t\t\t<\/div>\n\t\t\t\t<\/div>\n\t\t<div class=\"elementor-element elementor-element-dae1ff5 e-con-full e-flex e-con e-child\" data-id=\"dae1ff5\" data-element_type=\"container\" data-e-type=\"container\">\n\t\t\t\t<div class=\"elementor-element elementor-element-dfa1c14 elementor-widget elementor-widget-icon-box\" data-id=\"dfa1c14\" data-element_type=\"widget\" data-e-type=\"widget\" data-widget_type=\"icon-box.default\">\n\t\t\t\t<div class=\"elementor-widget-container\">\n\t\t\t\t\t\t\t<div class=\"elementor-icon-box-wrapper\">\n\n\t\t\t\n\t\t\t\t\t\t<div class=\"elementor-icon-box-content\">\n\n\t\t\t\t\t\t\t\t\t<h6 class=\"elementor-icon-box-title\">\n\t\t\t\t\t\t<span  >\n\t\t\t\t\t\t\tNous sommes des personnes\t\t\t\t\t\t<\/span>\n\t\t\t\t\t<\/h6>\n\t\t\t\t\n\t\t\t\t\t\t\t\t\t<p class=\"elementor-icon-box-description\">\n\t\t\t\t\t\tDe la premi\u00e8re pr\u00e9sentation \u00e0 la fin du travail, nous nous effor\u00e7ons de rendre les gens heureux. Nous essayons toujours de partir en tant qu'amis, et pas seulement en tant que personnes qui ont utilis\u00e9 vos appareils photo.\t\t\t\t\t<\/p>\n\t\t\t\t\n\t\t\t<\/div>\n\t\t\t\n\t\t<\/div>\n\t\t\t\t\t\t<\/div>\n\t\t\t\t<\/div>\n\t\t\t\t<\/div>\n\t\t<div class=\"elementor-element elementor-element-dd33f9b e-con-full e-flex e-con e-child\" data-id=\"dd33f9b\" data-element_type=\"container\" data-e-type=\"container\">\n\t\t\t\t<div class=\"elementor-element elementor-element-84811d0 elementor-widget elementor-widget-icon-box\" data-id=\"84811d0\" data-element_type=\"widget\" data-e-type=\"widget\" data-widget_type=\"icon-box.default\">\n\t\t\t\t<div class=\"elementor-widget-container\">\n\t\t\t\t\t\t\t<div class=\"elementor-icon-box-wrapper\">\n\n\t\t\t\n\t\t\t\t\t\t<div class=\"elementor-icon-box-content\">\n\n\t\t\t\t\t\t\t\t\t<h6 class=\"elementor-icon-box-title\">\n\t\t\t\t\t\t<span  >\n\t\t\t\t\t\t\tSoutien communautaire\t\t\t\t\t\t<\/span>\n\t\t\t\t\t<\/h6>\n\t\t\t\t\n\t\t\t\t\t\t\t\t\t<p class=\"elementor-icon-box-description\">\n\t\t\t\t\t\tNous croyons fermement \u00e0 la construction de communaut\u00e9s s\u00fbres et solides. Non seulement en exer\u00e7ant une surveillance, mais aussi en apportant un soutien \u00e0 divers groupes qui enrichissent et augmentent la s\u00e9curit\u00e9 et le bonheur de chacun.\t\t\t\t\t<\/p>\n\t\t\t\t\n\t\t\t<\/div>\n\t\t\t\n\t\t<\/div>\n\t\t\t\t\t\t<\/div>\n\t\t\t\t<\/div>\n\t\t\t\t<\/div>\n\t\t<div class=\"elementor-element elementor-element-e1685b7 e-con-full e-grid e-con e-child\" data-id=\"e1685b7\" data-element_type=\"container\" data-e-type=\"container\">\n\t\t\t\t<div class=\"elementor-element elementor-element-7851e43 elementor-widget elementor-widget-image\" data-id=\"7851e43\" data-element_type=\"widget\" data-e-type=\"widget\" data-widget_type=\"image.default\">\n\t\t\t\t<div class=\"elementor-widget-container\">\n\t\t\t\t\t\t\t\t\t\t\t\t\t\t\t<img decoding=\"async\" width=\"120\" height=\"90\" src=\"https:\/\/aegismtl.com\/wp-content\/uploads\/2024\/10\/AProudMemberButton120x90_EN.png\" class=\"attachment-full size-full wp-image-805\" alt=\"\" \/>\t\t\t\t\t\t\t\t\t\t\t\t\t\t\t<\/div>\n\t\t\t\t<\/div>\n\t\t\t\t<div class=\"elementor-element elementor-element-e4303ef elementor-widget elementor-widget-image\" data-id=\"e4303ef\" data-element_type=\"widget\" data-e-type=\"widget\" data-widget_type=\"image.default\">\n\t\t\t\t<div class=\"elementor-widget-container\">\n\t\t\t\t\t\t\t\t\t\t\t\t\t\t\t<img fetchpriority=\"high\" decoding=\"async\" width=\"500\" height=\"160\" src=\"https:\/\/aegismtl.com\/wp-content\/uploads\/2024\/10\/rbq-logo.png\" class=\"attachment-full size-full wp-image-807\" alt=\"\" srcset=\"https:\/\/aegismtl.com\/wp-content\/uploads\/2024\/10\/rbq-logo.png 500w, https:\/\/aegismtl.com\/wp-content\/uploads\/2024\/10\/rbq-logo-300x96.png 300w\" sizes=\"(max-width: 500px) 100vw, 500px\" \/>\t\t\t\t\t\t\t\t\t\t\t\t\t\t\t<\/div>\n\t\t\t\t<\/div>\n\t\t\t\t<\/div>\n\t\t\t\t\t<\/div>\n\t\t\t\t<\/div>\n\t\t\t\t<\/div>\n\t\t<div class=\"elementor-element elementor-element-b67d507 e-con-full e-flex e-con e-parent\" data-id=\"b67d507\" data-element_type=\"container\" data-e-type=\"container\" data-settings=\"{&quot;background_background&quot;:&quot;classic&quot;}\">\n\t\t<div class=\"elementor-element elementor-element-1cc3b4a e-flex e-con-boxed e-con e-child\" data-id=\"1cc3b4a\" data-element_type=\"container\" data-e-type=\"container\">\n\t\t\t\t\t<div class=\"e-con-inner\">\n\t\t<div class=\"elementor-element elementor-element-e554a49 e-con-full e-flex e-con e-child\" data-id=\"e554a49\" data-element_type=\"container\" data-e-type=\"container\">\n\t\t\t\t<div class=\"elementor-element elementor-element-3de0c38 elementor-widget elementor-widget-heading\" data-id=\"3de0c38\" data-element_type=\"widget\" data-e-type=\"widget\" data-widget_type=\"heading.default\">\n\t\t\t\t<div class=\"elementor-widget-container\">\n\t\t\t\t\t<h3 class=\"elementor-heading-title elementor-size-default\">COMMEN\u00c7ONS \u00c0 PR\u00c9PARER UN AVENIR PLUS S\u00dbR<\/h3>\t\t\t\t<\/div>\n\t\t\t\t<\/div>\n\t\t\t\t<div class=\"elementor-element elementor-element-2549f9f elementor-widget elementor-widget-button\" data-id=\"2549f9f\" data-element_type=\"widget\" data-e-type=\"widget\" data-widget_type=\"button.default\">\n\t\t\t\t<div class=\"elementor-widget-container\">\n\t\t\t\t\t\t\t\t\t<div class=\"elementor-button-wrapper\">\n\t\t\t\t\t<a class=\"elementor-button elementor-button-link elementor-size-sm\" href=\"https:\/\/aegismtl.com\/fr\/contact\/\">\n\t\t\t\t\t\t<span class=\"elementor-button-content-wrapper\">\n\t\t\t\t\t\t<span class=\"elementor-button-icon\">\n\t\t\t\t<svg aria-hidden=\"true\" class=\"e-font-icon-svg e-fas-caret-right\" viewBox=\"0 0 192 512\" xmlns=\"http:\/\/www.w3.org\/2000\/svg\"><path d=\"M0 384.662V127.338c0-17.818 21.543-26.741 34.142-14.142l128.662 128.662c7.81 7.81 7.81 20.474 0 28.284L34.142 398.804C21.543 411.404 0 402.48 0 384.662z\"><\/path><\/svg>\t\t\t<\/span>\n\t\t\t\t\t\t\t\t\t<span class=\"elementor-button-text\">en savoir plus<\/span>\n\t\t\t\t\t<\/span>\n\t\t\t\t\t<\/a>\n\t\t\t\t<\/div>\n\t\t\t\t\t\t\t\t<\/div>\n\t\t\t\t<\/div>\n\t\t\t\t<\/div>\n\t\t\t\t\t<\/div>\n\t\t\t\t<\/div>\n\t\t\t\t<\/div>\n\t\t\t\t<\/div>\n\t\t","protected":false},"excerpt":{"rendered":"<p>Qui nous sommes L&rsquo;\u00e9quipe C&rsquo;est nous qui offrons l&rsquo;excellence. Sean Fleming Co-fondateur Sean a pass\u00e9 la majeure partie de sa vie professionnelle \u00e0 r\u00e9soudre des probl\u00e8mes, petits ou grands. Il a pass\u00e9 pr\u00e8s de 15 ans en tant que professionnel des technologies de l&rsquo;information. Cela a donn\u00e9 \u00e0 Sean la clairvoyance n\u00e9cessaire pour voir ce [&hellip;]<\/p>\n","protected":false},"author":1,"featured_media":0,"parent":0,"menu_order":0,"comment_status":"closed","ping_status":"closed","template":"","meta":{"footnotes":""},"class_list":["post-1019","page","type-page","status-publish","hentry"],"_links":{"self":[{"href":"https:\/\/aegismtl.com\/fr\/wp-json\/wp\/v2\/pages\/1019","targetHints":{"allow":["GET"]}}],"collection":[{"href":"https:\/\/aegismtl.com\/fr\/wp-json\/wp\/v2\/pages"}],"about":[{"href":"https:\/\/aegismtl.com\/fr\/wp-json\/wp\/v2\/types\/page"}],"author":[{"embeddable":true,"href":"https:\/\/aegismtl.com\/fr\/wp-json\/wp\/v2\/users\/1"}],"replies":[{"embeddable":true,"href":"https:\/\/aegismtl.com\/fr\/wp-json\/wp\/v2\/comments?post=1019"}],"version-history":[{"count":5,"href":"https:\/\/aegismtl.com\/fr\/wp-json\/wp\/v2\/pages\/1019\/revisions"}],"predecessor-version":[{"id":1057,"href":"https:\/\/aegismtl.com\/fr\/wp-json\/wp\/v2\/pages\/1019\/revisions\/1057"}],"wp:attachment":[{"href":"https:\/\/aegismtl.com\/fr\/wp-json\/wp\/v2\/media?parent=1019"}],"curies":[{"name":"wp","href":"https:\/\/api.w.org\/{rel}","templated":true}]}}